{"id":23987,"date":"2023-02-28T13:02:46","date_gmt":"2023-02-28T13:02:46","guid":{"rendered":"https:\/\/linking-map.com\/?page_id=23987"},"modified":"2026-01-13T18:28:04","modified_gmt":"2026-01-13T18:28:04","slug":"razvoj-digitalnih-resitev","status":"publish","type":"page","link":"https:\/\/linking-map.com\/eng\/razvoj-digitalnih-resitev\/","title":{"rendered":"Custom digital solutions"},"content":{"rendered":"<div data-elementor-type=\"wp-page\" data-elementor-id=\"23987\" class=\"elementor elementor-23987\">\n\t\t\t\t\t\t<section class=\"elementor-section elementor-top-section elementor-element elementor-element-0e17cb4 elementor-section-boxed elementor-section-height-default elementor-section-height-default\" data-id=\"0e17cb4\" data-element_type=\"section\" data-e-type=\"section\">\n\t\t\t\t\t\t<div class=\"elementor-container elementor-column-gap-default\">\n\t\t\t\t\t<div class=\"elementor-column elementor-col-100 elementor-top-column elementor-element elementor-element-78c773a\" data-id=\"78c773a\" data-element_type=\"column\" data-e-type=\"column\">\n\t\t\t<div class=\"elementor-widget-wrap elementor-element-populated\">\n\t\t\t\t\t\t<div class=\"elementor-element elementor-element-02735de elementor-widget elementor-widget-heading\" data-id=\"02735de\" data-element_type=\"widget\" data-e-type=\"widget\" data-widget_type=\"heading.default\">\n\t\t\t\t<div class=\"elementor-widget-container\">\n\t\t\t\t\t<h2 class=\"elementor-heading-title elementor-size-default\">We develop personalized digital solutions for you.<\/h2>\t\t\t\t<\/div>\n\t\t\t\t<\/div>\n\t\t\t\t<div class=\"elementor-element elementor-element-6e22891 elementor-widget elementor-widget-text-editor\" data-id=\"6e22891\" data-element_type=\"widget\" data-e-type=\"widget\" data-widget_type=\"text-editor.default\">\n\t\t\t\t<div class=\"elementor-widget-container\">\n\t\t\t\t\t\t\t\t\t<p><span>Replace numerous digital tools and applications with a single digital system in which your company will work harmoniously and efficiently.\u00a0<\/span><\/p>\t\t\t\t\t\t\t\t<\/div>\n\t\t\t\t<\/div>\n\t\t\t\t<div class=\"elementor-element elementor-element-c4a3a7a elementor-widget elementor-widget-gt3-core-tabs\" data-id=\"c4a3a7a\" data-element_type=\"widget\" data-e-type=\"widget\" data-widget_type=\"gt3-core-tabs.default\">\n\t\t\t\t<div class=\"elementor-widget-container\">\n\t\t\t\t\t<div data-active-tab=\"1\" class=\"gt3_tabs_wrapper aligment_center horizontal_type left_icon_position\"><ul class=\"gt3_tabs_nav\"><li><a href=\"#tab-975-1\">Web and Mobile Applications<\/a><\/li><li><a href=\"#tab-975-2\">Bitrix24<\/a><\/li><li><a href=\"#tab-975-3\">Paperless business<\/a><\/li><li><a href=\"#tab-975-4\">Production Tracking and Control<\/a><\/li><\/ul><div id=\"tab-975-1\"><div dir=\"auto\" style=\"text-align: center;\"><strong>DEVELOPMENT OF CUSTOMIZED DIGITAL SOLUTIONS<\/strong><\/div><ul><li dir=\"auto\">From creating websites, shops, B2B portals to developing your own mobile applications.<\/li><li dir=\"auto\">All in one place for those looking for outsourced digital solutions.<\/li><li dir=\"auto\">We offer quality and affordable digital services.<\/li><li dir=\"auto\">Contact us, present your requirements and we will prepare an offer.<\/li><li dir=\"auto\">We deliver on time, within the agreed budget.<\/li><\/ul><\/div><div id=\"tab-975-2\"><p><strong>YOUR PARTNER FOR BUSINESS OPTIMIZATION<\/strong><\/p><ul><li><span class=\"JLqJ4b ChMk0b\" data-language-for-alternatives=\"sl\" data-language-to-translate-into=\"en\" data-phrase-index=\"0\" data-number-of-phrases=\"2\">Bitrix24 is an online workspace with digital tools designed to make running your business easier and more efficient.<\/span><\/li><li><span class=\"JLqJ4b ChMk0b\" data-language-for-alternatives=\"sl\" data-language-to-translate-into=\"en\" data-phrase-index=\"1\" data-number-of-phrases=\"2\">Z Bitrix24 je enostavno upravljanje nalog in projektov, CRM, klepete, video klice, graditelj spletnih mest, telefonijo, tr\u017eenje in analitiko CRM in \u0161e veliko ve\u010d.<\/span><\/li><li>Replace numerous digital tools and applications with a single digital system in which your company will work harmoniously and efficiently.\u00a0<\/li><\/ul><p style=\"text-align: center;\"><a href=\"https:\/\/www.linking-digital.com\/\" target=\"_blank\" rel=\"noopener nofollow\"><b>Explore Bitrix24 tools.<\/b><\/a><\/p><\/div><div id=\"tab-975-3\"><p><strong>DIGITALIZATION AND AUTOMATION OF THE FLOW OF YOUR DOCUMENTS<\/strong><\/p><p>On the basis of <strong>Artificial Intelligence<\/strong> <strong>(AI)<\/strong> and <strong>Pattern Recognition <\/strong>as part of the digital transformation, we designed a solution for the company's paperless operations. The entire implementation process does not require installation of the service, which does not require any special software or hardware. All that is required from your side is initial help in choosing the mode of operation, the type of documents and the volume of data transferred to your system. Subsequently, the process is fully automated and no longer requires any human work.\u00a0<\/p><ul><li>Document recognition<\/li><li>Automatic data entry into the program<\/li><li>Data recognition<\/li><li>Generation of e-documents<\/li><li>Archiving<\/li><li>Quick search of the entire archive<\/li><\/ul><\/div><div id=\"tab-975-4\"><p><strong>DIGITAL TWIN - SET UP MODERN DIGITAL PRODUCTION<\/strong><\/p><ul><li>Full control over the operations<\/li><li>Preventing the execution of an incorrect sequence of operations<\/li><li>Digital advisor\/supervisor to the operator in conducting operations<\/li><li>Identification and elimination of bottlenecks<\/li><\/ul><p><strong>I4.0 MODULE<\/strong><\/p><ul><li>Simulation of the process when resources are changed (additional machines, people, ...)<\/li><li>Optimization of process operations based on advanced algorithms<\/li><li>Prioritization of orders based on certain value parameters (earnings, consumption, ...)<\/li><\/ul><\/div><\/div>\t\t\t\t<\/div>\n\t\t\t\t<\/div>\n\t\t\t\t<div class=\"elementor-element elementor-element-42a267a elementor-widget elementor-widget-spacer\" data-id=\"42a267a\" data-element_type=\"widget\" data-e-type=\"widget\" data-widget_type=\"spacer.default\">\n\t\t\t\t<div class=\"elementor-widget-container\">\n\t\t\t\t\t\t\t<div class=\"elementor-spacer\">\n\t\t\t<div class=\"elementor-spacer-inner\"><\/div>\n\t\t<\/div>\n\t\t\t\t\t\t<\/div>\n\t\t\t\t<\/div>\n\t\t\t\t\t<\/div>\n\t\t<\/div>\n\t\t\t\t\t<\/div>\n\t\t<\/section>\n\t\t\t\t<section class=\"elementor-section elementor-top-section elementor-element elementor-element-4f55723 elementor-section-boxed elementor-section-height-default elementor-section-height-default\" data-id=\"4f55723\" data-element_type=\"section\" data-e-type=\"section\">\n\t\t\t\t\t\t<div class=\"elementor-container elementor-column-gap-default\">\n\t\t\t\t\t<div class=\"elementor-column elementor-col-100 elementor-top-column elementor-element elementor-element-b54db63\" data-id=\"b54db63\" data-element_type=\"column\" data-e-type=\"column\">\n\t\t\t<div class=\"elementor-widget-wrap elementor-element-populated\">\n\t\t\t\t\t\t<div class=\"elementor-element elementor-element-78868b0 elementor-widget elementor-widget-heading\" data-id=\"78868b0\" data-element_type=\"widget\" data-e-type=\"widget\" data-widget_type=\"heading.default\">\n\t\t\t\t<div class=\"elementor-widget-container\">\n\t\t\t\t\t<h2 class=\"elementor-heading-title elementor-size-default\">The path to effective digital transformation of your company<\/h2>\t\t\t\t<\/div>\n\t\t\t\t<\/div>\n\t\t\t\t<div class=\"elementor-element elementor-element-95fb64b elementor-widget elementor-widget-text-editor\" data-id=\"95fb64b\" data-element_type=\"widget\" data-e-type=\"widget\" data-widget_type=\"text-editor.default\">\n\t\t\t\t<div class=\"elementor-widget-container\">\n\t\t\t\t\t\t\t\t\t<p><span>Thinking about a web app, mobile app or B2B web platform? With the help of business analytics, sophisticated user experience and the latest technologies, we will create a digital solution that will give your business a new start.<\/span><\/p>\t\t\t\t\t\t\t\t<\/div>\n\t\t\t\t<\/div>\n\t\t\t\t<div class=\"elementor-element elementor-element-84a7eab elementor-widget elementor-widget-gt3-core-processbar\" data-id=\"84a7eab\" data-element_type=\"widget\" data-e-type=\"widget\" data-widget_type=\"gt3-core-processbar.default\">\n\t\t\t\t<div class=\"elementor-widget-container\">\n\t\t\t\t\t<div class=\"gt3_process_bar_container row gt3_process_bar_container--type-horizontal\"><div class=\"gt3_process_item span3 elementor-repeater-item-95a1e75\"><div class=\"gt3_process_item__number\">1<\/div><div class=\"gt3_process_item__circle_wrapp\">\r\n\t\t\t<div class=\"gt3_process_item__circle_line_before\"><\/div>\r\n\t\t\t<div class=\"gt3_process_item__circle gt3_process_item__circle--size_small\"><\/div>\r\n\t\t\t<div class=\"gt3_process_item__circle_line_after\"><\/div>\r\n\t\t\t<\/div><div class=\"gt3_process_item__content_wrapper\"><div class=\"gt3_process_item__heading\"><h3>Poslovna analitika in Strategija<\/h3><\/div><div class=\"gt3_process_item__description\">Ocena stanja in priprava Strategija podjetja za vzpostavitev digitalne zmogljivosti v podjetju.<\/div><\/div><\/div><div class=\"gt3_process_item span3 elementor-repeater-item-46dc772\"><div class=\"gt3_process_item__number\">2<\/div><div class=\"gt3_process_item__circle_wrapp\">\r\n\t\t\t<div class=\"gt3_process_item__circle_line_before\"><\/div>\r\n\t\t\t<div class=\"gt3_process_item__circle gt3_process_item__circle--size_small\"><\/div>\r\n\t\t\t<div class=\"gt3_process_item__circle_line_after\"><\/div>\r\n\t\t\t<\/div><div class=\"gt3_process_item__content_wrapper\"><div class=\"gt3_process_item__heading\"><h3>Identification of projects<\/h3><\/div><div class=\"gt3_process_item__description\">Defining digital projects and placing them in the strategic picture\nDetermination of objectives, implementation deadlines and project performance monitoring metrics<\/div><\/div><\/div><div class=\"gt3_process_item span3 elementor-repeater-item-e5d527c\"><div class=\"gt3_process_item__number\">3<\/div><div class=\"gt3_process_item__circle_wrapp\">\r\n\t\t\t<div class=\"gt3_process_item__circle_line_before\"><\/div>\r\n\t\t\t<div class=\"gt3_process_item__circle gt3_process_item__circle--size_small\"><\/div>\r\n\t\t\t<div class=\"gt3_process_item__circle_line_after\"><\/div>\r\n\t\t\t<\/div><div class=\"gt3_process_item__content_wrapper\"><div class=\"gt3_process_item__heading\"><h3>Registration of EU tenders<\/h3><\/div><div class=\"gt3_process_item__description\">We check for you which are the current public tenders for co-financing digital and green transformation projects.<\/div><\/div><\/div><div class=\"gt3_process_item span3 elementor-repeater-item-451fb96\"><div class=\"gt3_process_item__number\">4<\/div><div class=\"gt3_process_item__circle_wrapp\">\r\n\t\t\t<div class=\"gt3_process_item__circle_line_before\"><\/div>\r\n\t\t\t<div class=\"gt3_process_item__circle gt3_process_item__circle--size_small\"><\/div>\r\n\t\t\t<div class=\"gt3_process_item__circle_line_after\"><\/div>\r\n\t\t\t<\/div><div class=\"gt3_process_item__content_wrapper\"><div class=\"gt3_process_item__heading\"><h3>Project implementation<\/h3><\/div><div class=\"gt3_process_item__description\">Development and implementation of customized digital solutions. Integration of digital systems into a unified information system.<\/div><\/div><\/div><\/div>\t\t\t\t<\/div>\n\t\t\t\t<\/div>\n\t\t\t\t<div class=\"elementor-element elementor-element-3aee59d elementor-widget elementor-widget-spacer\" data-id=\"3aee59d\" data-element_type=\"widget\" data-e-type=\"widget\" data-widget_type=\"spacer.default\">\n\t\t\t\t<div class=\"elementor-widget-container\">\n\t\t\t\t\t\t\t<div class=\"elementor-spacer\">\n\t\t\t<div class=\"elementor-spacer-inner\"><\/div>\n\t\t<\/div>\n\t\t\t\t\t\t<\/div>\n\t\t\t\t<\/div>\n\t\t\t\t\t<\/div>\n\t\t<\/div>\n\t\t\t\t\t<\/div>\n\t\t<\/section>\n\t\t\t\t<section class=\"elementor-section elementor-top-section elementor-element elementor-element-850f931 elementor-section-boxed elementor-section-height-default elementor-section-height-default\" data-id=\"850f931\" data-element_type=\"section\" data-e-type=\"section\" data-settings=\"{&quot;background_background&quot;:&quot;classic&quot;}\">\n\t\t\t\t\t\t<div class=\"elementor-container elementor-column-gap-default\">\n\t\t\t\t\t<div class=\"elementor-column elementor-col-100 elementor-top-column elementor-element elementor-element-f8f3d19\" data-id=\"f8f3d19\" data-element_type=\"column\" data-e-type=\"column\">\n\t\t\t<div class=\"elementor-widget-wrap elementor-element-populated\">\n\t\t\t\t\t\t<div class=\"elementor-element elementor-element-8a7b3ac elementor-align-center elementor-widget elementor-widget-button\" data-id=\"8a7b3ac\" data-element_type=\"widget\" data-e-type=\"widget\" data-widget_type=\"button.default\">\n\t\t\t\t<div class=\"elementor-widget-container\">\n\t\t\t\t\t\t\t\t\t<div class=\"elementor-button-wrapper\">\n\t\t\t\t\t<a class=\"elementor-button elementor-button-link elementor-size-sm\" href=\"https:\/\/linking-map.com\/eng\/kontakt\/\">\n\t\t\t\t\t\t<span class=\"elementor-button-content-wrapper\">\n\t\t\t\t\t\t\t\t\t<span class=\"elementor-button-text\">Send inquiry<\/span>\n\t\t\t\t\t<\/span>\n\t\t\t\t\t<\/a>\n\t\t\t\t<\/div>\n\t\t\t\t\t\t\t\t<\/div>\n\t\t\t\t<\/div>\n\t\t\t\t<div class=\"elementor-element elementor-element-89e5c72 elementor-widget elementor-widget-gt3-core-sharing\" data-id=\"89e5c72\" data-element_type=\"widget\" data-e-type=\"widget\" data-widget_type=\"gt3-core-sharing.default\">\n\t\t\t\t<div class=\"elementor-widget-container\">\n\t\t\t\t\t\t<div class=\"gt3_sharing_core vertical align_center\">\r\n\t\t<span class=\"gt3_sharing_label_title\">Sharing is Caring<\/span><div class=\"gt3_sharing_links_block\"><a target=\"_blank\" href=\"https:\/\/www.facebook.com\/share.php?u=https:\/\/linking-map.com\/eng\/razvoj-digitalnih-resitev\/\" class=\"core_sharing_fb\"><i class=\"link_type_icon fa fa-facebook\"><\/i><\/a><a target=\"_blank\" href=\"https:\/\/twitter.com\/intent\/tweet?text=Razvoj%20digitalnih%20re\u0161itev&#038;url=https:\/\/linking-map.com\/eng\/razvoj-digitalnih-resitev\/\" class=\"core_sharing_twitter\"><i class=\"link_type_icon fa fa-twitter\"><\/i><\/a><a target=\"_blank\" href=\"mailto:?subject=Razvoj+digitalnih+re%C5%A1itev&body=https:\/\/linking-map.com\/eng\/razvoj-digitalnih-resitev\/\" class=\"core_sharing_email\"><i class=\"link_type_icon fa fa-envelope\"><\/i><\/a><a target=\"_blank\" href=\"https:\/\/www.linkedin.com\/shareArticle?mini=true&#038;url=https:\/\/linking-map.com\/eng\/razvoj-digitalnih-resitev\/&#038;title=Razvoj%20digitalnih%20re\u0161itev&#038;source=Linking%20map\" class=\"core_sharing_linkedin\"><i class=\"link_type_icon fa fa-linkedin\"><\/i><\/a><\/div>\t<\/div>\r\n\t\t\t\t<\/div>\n\t\t\t\t<\/div>\n\t\t\t\t\t<\/div>\n\t\t<\/div>\n\t\t\t\t\t<\/div>\n\t\t<\/section>\n\t\t\t\t<\/div>","protected":false},"excerpt":{"rendered":"<p>Thinking about a web app, mobile app or B2B web platform? With the help of business analytics, sophisticated user experience and the latest technologies, we will create a digital solution that will give your business a new start.<\/p>","protected":false},"author":1,"featured_media":24614,"parent":0,"menu_order":0,"comment_status":"closed","ping_status":"closed","template":"elementor_header_footer","meta":{"footnotes":""},"class_list":["post-23987","page","type-page","status-publish","has-post-thumbnail","hentry"],"_links":{"self":[{"href":"https:\/\/linking-map.com\/eng\/wp-json\/wp\/v2\/pages\/23987","targetHints":{"allow":["GET"]}}],"collection":[{"href":"https:\/\/linking-map.com\/eng\/wp-json\/wp\/v2\/pages"}],"about":[{"href":"https:\/\/linking-map.com\/eng\/wp-json\/wp\/v2\/types\/page"}],"author":[{"embeddable":true,"href":"https:\/\/linking-map.com\/eng\/wp-json\/wp\/v2\/users\/1"}],"replies":[{"embeddable":true,"href":"https:\/\/linking-map.com\/eng\/wp-json\/wp\/v2\/comments?post=23987"}],"version-history":[{"count":7,"href":"https:\/\/linking-map.com\/eng\/wp-json\/wp\/v2\/pages\/23987\/revisions"}],"predecessor-version":[{"id":25387,"href":"https:\/\/linking-map.com\/eng\/wp-json\/wp\/v2\/pages\/23987\/revisions\/25387"}],"wp:featuredmedia":[{"embeddable":true,"href":"https:\/\/linking-map.com\/eng\/wp-json\/wp\/v2\/media\/24614"}],"wp:attachment":[{"href":"https:\/\/linking-map.com\/eng\/wp-json\/wp\/v2\/media?parent=23987"}],"curies":[{"name":"wp","href":"https:\/\/api.w.org\/{rel}","templated":true}]}}